{"id":407,"date":"2017-10-05T16:57:08","date_gmt":"2017-10-05T16:57:08","guid":{"rendered":"http:\/\/evalcris.com\/?page_id=407"},"modified":"2020-11-10T13:12:13","modified_gmt":"2020-11-10T13:12:13","slug":"declaracion-cookies","status":"publish","type":"page","link":"https:\/\/www.evalcris.com\/en\/declaracion-cookies","title":{"rendered":"Cookies Policy (Spanish only)"},"content":{"rendered":"<div class=\"wpb-content-wrapper\"><p>[vc_row][vc_column width=&#8221;1\/4&#8243;][\/vc_column][vc_column width=&#8221;1\/2&#8243; css=&#8221;.vc_custom_1507128342535{padding-right: 20px !important;padding-left: 20px !important;}&#8221;][vc_column_text]<\/p>\n<h3 style=\"text-align: justify;\">Declaraci\u00f3n acerca de las cookies<\/h3>\n<p style=\"text-align: justify;\"><strong>Introducci\u00f3n<\/strong><\/p>\n<p style=\"text-align: justify;\">Esta declaraci\u00f3n sobre cookies concierne a las que emplean las entidades que a continuaci\u00f3n se indican (en adelante, &#8220;Evalcris SL&#8221;, &#8220;nosotros&#8221;, &#8220;nuestro&#8221; o derivados) en el sitio web www.evalcris.com.<\/p>\n<p style=\"text-align: justify;\"><strong>Evalcris SL<\/strong>, inscrita en el registro mercantil de C\u00e1mara de comercio de Madrid, Tomo 9887, Seci\u00f3n 4\u00aa, Folio 1, Hoja 14370-2 Ins. 1\u00aa, con sede social en Avenida de Atenas, 75, local 58 (C.C. Zoco de Monterrozas), 28232, Las Rozas de Madrid &#8211; Espa\u00f1a.<\/p>\n<p style=\"text-align: justify;\">En esta declaraci\u00f3n, los t\u00e9rminos &#8220;usuario&#8221;, &#8220;usted&#8221;, &#8220;su&#8221; o derivados se emplear\u00e1n con el significado siguiente: toda persona f\u00edsica (B2C) o persona que act\u00fae en representaci\u00f3n de una persona jur\u00eddica (B2B) que utilice el sitio web www.evalcris.com, ya est\u00e9 relacionada o no con la celebraci\u00f3n de un contrato con Evalcris SL.<\/p>\n<p>&nbsp;<\/p>\n<p style=\"text-align: justify;\"><strong>1.\u00bfQu\u00e9 es una cookie?<\/strong><\/p>\n<p style=\"text-align: justify;\">Una cookie es un peque\u00f1o archivo de datos y texto que almacenamos en su navegador o en el disco duro de su ordenador u otro dispositivo. Las cookies nos permiten recordar sus preferencias al utilizar nuestro sitio web. Tambi\u00e9n utilizamos cookies para poder guardar sus datos en el caso de que haga un pedido. Por ello empleamos las denominadas cookies funcionales que mejoran su uso del sitio web como visitante. Adem\u00e1s empleamos cookies no funcionales, como las cookies anal\u00edticas, para recopilar sus datos estad\u00edsticos como visitante con el fin de mejorar nuestro sitio web para el futuro.<\/p>\n<p style=\"text-align: left;\">A menos que haya cambiado su configuraci\u00f3n del navegador para que las rechace, nuestro sistema colocar\u00e1 cookies en el momento en que visite nuestro sitio web y nos d\u00e9 permiso.<\/p>\n<p>&nbsp;<\/p>\n<p style=\"text-align: justify;\"><strong>2. Informaci\u00f3n sobre el uso de nuestras cookies<\/strong><\/p>\n<p style=\"text-align: justify;\">Nuestro sitio web utiliza cookies y tecnolog\u00edas equivalentes para, entre otros motivos, diferenciar sus preferencias de usuario de las de otros usuarios del sitio web. Esto nos ayuda a ofrecerle una experiencia mejor como usuario al visitar nuestro sitio web, adem\u00e1s de permitirnos optimizarlo.<\/p>\n<p>&nbsp;<\/p>\n<p style=\"text-align: justify;\"><strong>3. Permiso para utilizar cookies<\/strong><\/p>\n<p style=\"text-align: justify;\">En base a la legislaci\u00f3n y disposiciones europeas aplicables, en determinados casos deber\u00e1 otorgarnos permiso para utilizar o almacenar cookies y tecnolog\u00edas equivalentes en sus ordenadores u otros dispositivos, por ejemplo, dispositivos m\u00f3viles. Esta declaraci\u00f3n sobre cookies ofrece una informaci\u00f3n completa y clara sobre las cookies que utilizamos y su prop\u00f3sito.<\/p>\n<p>&nbsp;<\/p>\n<p style=\"text-align: justify;\"><strong>4.Cookies empleadas en www.evalcris.com<\/strong><\/p>\n<ul style=\"text-align: justify;\">\n<li><strong>Cookies funcionales o necesarias.\u00a0<\/strong>Las cookies funcionales o necesarias ayudan a que la tienda web de EVALCRIS SL funcione adecuadamente.<\/li>\n<li><strong>Cookies anal\u00edticas.\u00a0<\/strong>Con ayuda de terceras partes entre otros, por ejemplo Google Analytics, utilizamos cookies anal\u00edticas para examinar el uso de la tienda. Entre otras cosas, estas estad\u00edsticas nos proporcionan una perspectiva de la frecuencia con la que se nos visita y d\u00f3nde podemos mejorar la tienda web.<\/li>\n<\/ul>\n<p>&nbsp;<\/p>\n<p style=\"text-align: justify;\"><strong>5. C\u00f3mo administrar sus cookies<\/strong><\/p>\n<p style=\"text-align: justify;\">Para utilizar cookies no funcionales (determinadas cookies anal\u00edticas, cookies de publicidad, cookies de rastreo y cookies de terceras partes), necesitamos su permiso. Y se lo solicitamos en el momento en que accede a nuestro sitio web. En cualquier momento y mediante la configuraci\u00f3n del navegador, podr\u00e1 revocar su permiso para determinados tipos de cookies. A tal fin, consulte las p\u00e1ginas de informaci\u00f3n de su navegador (p. ej., Internet Explorer, Chrome, Mozilla Firefox, Safari).<\/p>\n<p style=\"text-align: justify;\">Tenga en cuenta que si bloquea todos los tipos de cookies, es decir, tambi\u00e9n las funcionales, es posible que el sitio web no funcione de forma \u00f3ptima y\/o que no pueda realizar un pedido.<\/p>\n<p>&nbsp;<\/p>\n<p style=\"text-align: justify;\"><strong>6. Pol\u00edtica de Privacidad de www.evalcris.com<\/strong><\/p>\n<p style=\"text-align: left;\">Tal como se ha establecido anteriormente, con el uso de determinadas cookies tambi\u00e9n se procesan datos personales. En nuestra declaraci\u00f3n de privacidad proporcionamos m\u00e1s informaci\u00f3n sobre c\u00f3mo realizamos el tratamiento de sus datos.<\/p>\n<p>&nbsp;<\/p>\n<p style=\"text-align: justify;\"><strong>7. Contactar con Evalcris SL<\/strong><\/p>\n<p style=\"text-align: justify;\">Si tiene alguna pregunta respecto del contenido de esta declaraci\u00f3n sobre cookies, p\u00f3ngase en contacto con nosotros en\u00a0<a href=\"mailto:info@evalcris.com\"><strong><u>info@evalcris.com.<\/u><\/strong><\/a><\/p>\n<p>[\/vc_column_text][\/vc_column][vc_column width=&#8221;1\/4&#8243;][\/vc_column][\/vc_row]<\/p>\n<\/div>","protected":false},"excerpt":{"rendered":"<p>[vc_row][vc_column width=&#8221;1\/4&#8243;][\/vc_column][vc_column width=&#8221;1\/2&#8243; css=&#8221;.vc_custom_1507128342535{padding-right: 20px !important;padding-left: 20px !important;}&#8221;][vc_column_text] Declaraci\u00f3n acerca de las cookies Introducci\u00f3n Esta declaraci\u00f3n sobre cookies concierne a las que emplean las entidades que a continuaci\u00f3n se indican (en adelante, &#8220;Evalcris SL&#8221;, &#8220;nosotros&#8221;, &#8220;nuestro&#8221; o derivados) en el sitio web www.evalcris.com. Evalcris SL, inscrita en el registro mercantil de C\u00e1mara de comercio de&hellip;<\/p>\n","protected":false},"author":1,"featured_media":0,"parent":0,"menu_order":12,"comment_status":"closed","ping_status":"closed","template":"","meta":{"footnotes":""},"class_list":["post-407","page","type-page","status-publish","hentry","description-off"],"aioseo_notices":[],"_links":{"self":[{"href":"https:\/\/www.evalcris.com\/en\/wp-json\/wp\/v2\/pages\/407","targetHints":{"allow":["GET"]}}],"collection":[{"href":"https:\/\/www.evalcris.com\/en\/wp-json\/wp\/v2\/pages"}],"about":[{"href":"https:\/\/www.evalcris.com\/en\/wp-json\/wp\/v2\/types\/page"}],"author":[{"embeddable":true,"href":"https:\/\/www.evalcris.com\/en\/wp-json\/wp\/v2\/users\/1"}],"replies":[{"embeddable":true,"href":"https:\/\/www.evalcris.com\/en\/wp-json\/wp\/v2\/comments?post=407"}],"version-history":[{"count":9,"href":"https:\/\/www.evalcris.com\/en\/wp-json\/wp\/v2\/pages\/407\/revisions"}],"predecessor-version":[{"id":2188,"href":"https:\/\/www.evalcris.com\/en\/wp-json\/wp\/v2\/pages\/407\/revisions\/2188"}],"wp:attachment":[{"href":"https:\/\/www.evalcris.com\/en\/wp-json\/wp\/v2\/media?parent=407"}],"curies":[{"name":"wp","href":"https:\/\/api.w.org\/{rel}","templated":true}]}}