{"id":403,"date":"2017-10-05T16:47:37","date_gmt":"2017-10-05T16:47:37","guid":{"rendered":"http:\/\/evalcris.com\/?page_id=403"},"modified":"2025-09-04T09:44:41","modified_gmt":"2025-09-04T09:44:41","slug":"declaracion-privacidad-aviso-legal","status":"publish","type":"page","link":"https:\/\/www.evalcris.com\/en\/declaracion-privacidad-aviso-legal","title":{"rendered":"Privacy Policy (Spanish only)"},"content":{"rendered":"<div class=\"wpb-content-wrapper\"><p>[vc_row][vc_column width=&#8221;1\/4&#8243;][\/vc_column][vc_column width=&#8221;1\/2&#8243; css=&#8221;.vc_custom_1507128342535{padding-right: 20px !important;padding-left: 20px !important;}&#8221;][vc_column_text]<\/p>\n<h4 style=\"text-align: justify;\"><strong>Declaraci\u00f3n de privacidad de Evalcris<\/strong><\/h4>\n<p><strong>Introducci\u00f3n<\/strong><\/p>\n<p style=\"text-align: justify;\">En esta declaraci\u00f3n de privacidad explicamos c\u00f3mo se realiza el tratamiento de sus datos personal y el modo en que puede ejercer sus derechos respecto de tales datos.<\/p>\n<p style=\"text-align: justify;\">Los t\u00e9rminos &#8220;nosotros&#8221;, &#8220;nuestro&#8221; y derivados hacen referencia a:<\/p>\n<p style=\"text-align: justify;\"><strong>Evalcris SL,<\/strong> inscrita en el registro mercantil de C\u00e1mara de comercio de Madrid, Tomo 9887, Seci\u00f3n 4\u00aa, Folio 1, Hoja 14370-2 Ins. 1\u00aa, con sede social en Avenida de Atenas, 75, local 58 (C.C. Zoco de Monterrozas), 28232, Las Rozas de Madrid &#8211; Espa\u00f1a.<\/p>\n<p style=\"text-align: justify;\">Deber\u00e1 considerarse que las precitadas empresas act\u00faan como &#8220;responsables (solidarios) del tratamiento&#8221; en lo que se refiere al Reglamento sobre privacidad. En otras palabras, esto significa que nosotros somos responsables del cumplimiento del Reglamento de privacidad en lo que se refiere a sus datos personales.<\/p>\n<p style=\"text-align: justify;\">Por &#8220;datos personales&#8221; se entiende la informaci\u00f3n relacionada directa o indirectamente con determinada persona. Por ejemplo, su nombre, direcci\u00f3n de correo electr\u00f3nico y n\u00famero de tel\u00e9fono. Nosotros procederemos al tratamiento de sus datos personales en el caso de que usted act\u00fae como persona de contacto en representaci\u00f3n de un (posible) cliente o proveedor y que utilice nuestros servicios\/productos y\/o que nosotros usemos sus servicios\/productos. Adem\u00e1s, realizaremos el tratamiento de cualquier otro dato personal que nos proporcione como visitante de nuestro sitio web.<\/p>\n<p style=\"text-align: justify;\">No tratamos los datos personales especiales, como los relacionados con la raza o etnia.<\/p>\n<p>&nbsp;<\/p>\n<p style=\"text-align: justify;\"><strong>\u00bfPor qu\u00e9 tratamos los datos personales y en base a qu\u00e9?<br \/>\n<\/strong><\/p>\n<p style=\"text-align: justify;\">Pedimos y utilizamos determinados datos personales principalmente para optimizar nuestros servicios. Los datos de su direcci\u00f3n ser\u00e1n esenciales para entregarle un pedido que nos haya realizado. Si no nos proporciona estos datos, no podremos cumplir nuestros compromisos con usted.<\/p>\n<p style=\"text-align: justify;\">Sus datos personales se emplean para cumplimentar los pedidos correctamente y para proporcionar los servicios asociados. Tambi\u00e9n utilizamos sus datos personales para informarle por correo ordinario y\/o electr\u00f3nico sobre cualquier solicitud.<\/p>\n<p style=\"text-align: justify;\">La principal base legal para el tratamiento de sus datos personales es que necesitamos estas operaciones para cumplir nuestras obligaciones al amparo de los acuerdos alcanzados con usted (y\/o su empresa).<\/p>\n<p style=\"text-align: justify;\">Igualmente, tenemos un inter\u00e9s leg\u00edtimo para utilizar sus datos personales, concretamente para optimizar comercialmente nuestro servicio en su beneficio, por ser uno de nuestros clientes. Por ejemplo, para el env\u00edo de boletines (personales) en los que informamos de las ofertas (personales) y de los servicios especiales que consideramos que pueden importarle.<\/p>\n<p style=\"text-align: justify;\">Obviamente, a la hora de utilizar sus datos personales, consideramos que la protecci\u00f3n de su privacidad tiene una gran importancia. Por tal motivo, hemos implementado las oportunas medidas. Por ejemplo, puede ejercer f\u00e1cilmente sus derechos tal como se describe a continuaci\u00f3n y siempre tiene la opci\u00f3n de dejar de recibir nuestros mensajes de correo.<\/p>\n<p style=\"text-align: justify;\">En caso necesario, le pediremos permiso antes de realizar determinadas actividades de tratamiento.<\/p>\n<p>&nbsp;<\/p>\n<p style=\"text-align: justify;\"><strong>\u00bfC\u00f3mo y d\u00f3nde almacenamos sus datos personales?<br \/>\n<\/strong><\/p>\n<p style=\"text-align: justify;\">Solo guardamos sus datos personales cuando es necesario para prestar un servicio adecuado o satisfacer una obligaci\u00f3n legal. No hace falta decir que dejaremos de conservar sus datos personales si nos retira su consentimiento (otorgado con anterioridad).<\/p>\n<p style=\"text-align: justify;\">Tratamos sus datos personales con todo el cuidado. Hemos instalado exhaustivas medidas en nuestra empresa para proteger los datos, incluidos los datos personales.<\/p>\n<p style=\"text-align: justify;\">Por ejemplo, por mencionar algunas:<\/p>\n<ul style=\"text-align: justify;\">\n<li>Los trabajadores de Evalcris SL s\u00f3lo tienen acceso a sus datos personales cuando los necesitan de forma indiscutible para desarrollar su trabajo.<\/li>\n<li>Implementamos regularmente medidas de seguridad y redes adecuadas.<\/li>\n<\/ul>\n<p style=\"text-align: justify;\">Los datos que tenemos a nuestra disposici\u00f3n, incluidos los datos personales, se almacenan localmente dentro de la Uni\u00f3n Europea, a excepci\u00f3n de aquellos cuyo tratamiento realizan terceras partes con fines de an\u00e1lisis, por ejemplo, Google Adwords y Hotjar.<\/p>\n<p>&nbsp;<\/p>\n<p style=\"text-align: justify;\"><strong>\u00bfCon qui\u00e9n compartimos los datos personales?<\/strong><\/p>\n<p style=\"text-align: justify;\">Tratamos los datos personales como confidenciales. El tratamiento de sus datos personales se realiza exclusivamente en provecho de nuestra empresa y no los proporcionamos a terceros a excepci\u00f3n de lo que aqu\u00ed se expone.<\/p>\n<p style=\"text-align: justify;\">Para garantizar un servicio adecuado, utilizamos determinados proveedores internos y externos, como proveedores de TI y empresas de log\u00edstica. Con los proveedores que para prestar sus servicios tienen acceso a los datos personales, suscribimos contratos, por ejemplo sobre la confidencialidad, la seguridad y el hecho de que no est\u00e1n autorizados a utilizar los datos personales para sus propios prop\u00f3sitos.<\/p>\n<p style=\"text-align: justify;\">Adem\u00e1s, en el contexto de una adquisici\u00f3n, fusi\u00f3n u (otra) reorganizaci\u00f3n en la que est\u00e9 implicada nuestra empresa, es posible que transfiramos datos personales a una tercera parte.<\/p>\n<p style=\"text-align: justify;\">Por \u00faltimo, cabe la posibilidad de que estemos obligados a proporcionar datos personales en el caso de que as\u00ed lo exija la legislaci\u00f3n o para cumplir el mandamiento de una autoridad competente.<\/p>\n<p>&nbsp;<\/p>\n<p style=\"text-align: justify;\"><strong>M\u00e1s informaci\u00f3n y sus derechos<\/strong><\/p>\n<p style=\"text-align: justify;\">En el caso de que tenga alguna pregunta acerca del tratamiento de sus datos personales, o bien si quiere verlos o pedirnos que los corrijamos o eliminemos, o en el caso de que desee presentar una solicitud para limitar el tratamiento o transferencia de sus datos personales, p\u00f3ngase en contacto con nosotros a trav\u00e9s de la direcci\u00f3n de correo electr\u00f3nico\u00a0<a href=\"mailto:info@evalcris.com\"><strong><u>info@evalcris.com<\/u><\/strong><\/a><\/p>\n<p style=\"text-align: justify;\">Por \u00faltimo, tiene derecho a oponerse al tratamiento de sus datos personales. A tal fin, tambi\u00e9n puede ponerse en contacto con nosotros mediante la direcci\u00f3n de correo electr\u00f3nico\u00a0<a href=\"mailto:info@evalcris.com\"><strong><u>info@evalcris.com<\/u><\/strong><\/a><\/p>\n<p style=\"text-align: justify;\">Procesaremos su pregunta o solicitud y responderemos a la mayor brevedad posible. Quiz\u00e1s necesitemos m\u00e1s informaci\u00f3n para procesar su solicitud. Por ejemplo, en el caso de que solicite el acceso o eliminaci\u00f3n, necesitaremos cerciorarnos de que usted es verdaderamente la persona a quien corresponden los datos personales en cuesti\u00f3n y habremos de verificar si la solicitud est\u00e1 justificada y es factible. El motivo es que tal solicitud podr\u00eda vulnerar los intereses (la privacidad) de todos nuestros clientes y relaciones.<\/p>\n<p style=\"text-align: justify;\">Tambi\u00e9n existe la posibilidad de presentar una queja ante una autoridad de control. Tiene la opci\u00f3n de presentar tal reclamaci\u00f3n ante la <a href=\"https:\/\/www.aepd.es\/\" target=\"_blank\" rel=\"noopener\">Agencia Espa\u00f1ola de Protecci\u00f3n de Datos<\/a> o ante la autoridad de control del Estado miembro en el que usted viva\/resida. Los sitios web de las autoridades de control incluyen m\u00e1s informaci\u00f3n al respecto.<\/p>\n<p>&nbsp;<\/p>\n<p style=\"text-align: justify;\"><strong>Uso de cookies<\/strong><\/p>\n<p style=\"text-align: justify;\">Nuestros sitios web utilizan las denominadas &#8220;cookies&#8221;. Las cookies son peque\u00f1os archivos de texto que las p\u00e1ginas de Internet que visita almacenan autom\u00e1ticamente en su ordenador. El objetivo primordial de las cookies es que nuestros sitios web funcionen mejor. Adem\u00e1s empleamos cookies anal\u00edticas mediante las cuales Google Analytics mide el modo en que los visitantes utilizan el sitio web.<\/p>\n<p style=\"text-align: justify;\">En nuestra declaraci\u00f3n sobre cookies aparece informaci\u00f3n m\u00e1s detallada sobre las utilizadas y acerca de la opcionalidad de autorizar el uso de tales cookies. Puede acceder a dicha declaraci\u00f3n a trav\u00e9s de este <a href=\"https:\/\/prueba2802.live-website.com\/declaracion-cookies\"><strong>enlace<\/strong><\/a>.<\/p>\n<p style=\"text-align: justify;\">Esta declaraci\u00f3n de privacidad podr\u00e1 modificarse ocasionalmente. Sus modificaciones entrar\u00e1n en vigor en la fecha que aqu\u00ed se muestre.<\/p>\n<p>[\/vc_column_text][vc_column_text]<\/p>\n<h4 style=\"text-align: justify;\">Aviso Legal<\/h4>\n<p style=\"text-align: justify;\">En esta p\u00e1gina encontrar\u00e1 el documento con la exenci\u00f3n de responsabilidad de <a href=\"https:\/\/prueba2802.live-website.com\">www.evalcris.com<\/a>. A continuaci\u00f3n se explican las condiciones a tenor de las cuales se ofrece informaci\u00f3n en este sitio web.<\/p>\n<p>&nbsp;<\/p>\n<p style=\"text-align: justify;\"><strong>Propiedad intelectual<\/strong><\/p>\n<p style=\"text-align: justify;\">Utilizar la informaci\u00f3n que aparece en este sitio web es gratuito siempre que no se copie, distribuya o sea objeto de uso o abuso. La informaci\u00f3n de este sitio web se puede utilizar exclusivamente conforme a las normas de los derechos de propiedad intelectual.<\/p>\n<p style=\"text-align: justify;\">Sin el permiso expl\u00edcito por escrito del administrador de <a href=\"https:\/\/prueba2802.live-website.com\">www.evalcris.com<\/a>, queda prohibido utilizar el texto, las im\u00e1genes o cualquier otro material de este sitio web. El administrador de <a href=\"https:\/\/prueba2802.live-website.com\">www.evalcris.com<\/a> es quien ostenta los derechos sobre la propiedad intelectual.<\/p>\n<p style=\"text-align: justify;\">Se hace constar expresamente que todas las marcas comerciales, logotipos, dise\u00f1os, nombres de producto, con o sin el logotipo de marca comercial, son propiedad intelectual que ostenta el administrador de este sitio. Descargar, distribuir, ajustar, reutilizar, duplicar, sustituir o cualquier otra forma de uso del material de este sitio web queda prohibido y contraviene los derechos sobre la propiedad intelectual a menos que se haga constar lo contrario expl\u00edcitamente.<\/p>\n<p>&nbsp;<\/p>\n<p style=\"text-align: justify;\"><strong>Ausencia de garant\u00edas respecto de errores o imprecisiones<\/strong><\/p>\n<p style=\"text-align: justify;\">Nos esforzamos para que el sitio web sea lo m\u00e1s correcto y preciso posible. Cualquier omisi\u00f3n que pudiera producirse como resultado de errores de escritura o programaci\u00f3n no podr\u00e1 considerarse nunca como vinculante para el administrador de <a href=\"https:\/\/prueba2802.live-website.com\">www.evalcris.com<\/a>, ni ser objeto de reclamaci\u00f3n alguna.<\/p>\n<p style=\"text-align: justify;\">Asimismo, nos esforzamos en mantener el sitio web lo m\u00e1s actualizado posible. Si, pese al esfuerzo por actualizarlo regularmente, alguna informaci\u00f3n o contenido de este sitio web no est\u00e1 completa o es incorrecta, no asumimos responsabilidad alguna.<\/p>\n<p style=\"text-align: justify;\">La informaci\u00f3n y\/o los productos de este sitio web se ofrecen sin ninguna garant\u00eda y\/o responsabilidad respecto de errores o imprecisiones. Nos reservamos el derecho de ajustar, retirar o sustituir este material sin aviso alguno. No asumimos ninguna responsabilidad por la informaci\u00f3n y el material de los sitios web a los que hagan referencia los hiperv\u00ednculos incluidos en nuestro propio sitio web.<\/p>\n<p style=\"text-align: justify;\">Si descubre alg\u00fan error o incoherencia en nuestro sitio web o hay algo que le haga dudar de la veracidad de la informaci\u00f3n, le rogamos que nos lo comunique a trav\u00e9s de la p\u00e1gina de <a href=\"https:\/\/prueba2802.live-website.com\/contacto\">contacto<\/a> para que as\u00ed podamos decidir si emprender alguna acci\u00f3n o no.<\/p>\n<p>[\/vc_column_text][\/vc_column][vc_column width=&#8221;1\/4&#8243;][\/vc_column][\/vc_row]<\/p>\n<\/div>","protected":false},"excerpt":{"rendered":"<p>[vc_row][vc_column width=&#8221;1\/4&#8243;][\/vc_column][vc_column width=&#8221;1\/2&#8243; css=&#8221;.vc_custom_1507128342535{padding-right: 20px !important;padding-left: 20px !important;}&#8221;][vc_column_text] Declaraci\u00f3n de privacidad de Evalcris Introducci\u00f3n En esta declaraci\u00f3n de privacidad explicamos c\u00f3mo se realiza el tratamiento de sus datos personal y el modo en que puede ejercer sus derechos respecto de tales datos. Los t\u00e9rminos &#8220;nosotros&#8221;, &#8220;nuestro&#8221; y derivados hacen referencia a: Evalcris SL, inscrita en&hellip;<\/p>\n","protected":false},"author":1,"featured_media":0,"parent":0,"menu_order":11,"comment_status":"closed","ping_status":"closed","template":"","meta":{"footnotes":""},"class_list":["post-403","page","type-page","status-publish","hentry","description-off"],"aioseo_notices":[],"_links":{"self":[{"href":"https:\/\/www.evalcris.com\/en\/wp-json\/wp\/v2\/pages\/403","targetHints":{"allow":["GET"]}}],"collection":[{"href":"https:\/\/www.evalcris.com\/en\/wp-json\/wp\/v2\/pages"}],"about":[{"href":"https:\/\/www.evalcris.com\/en\/wp-json\/wp\/v2\/types\/page"}],"author":[{"embeddable":true,"href":"https:\/\/www.evalcris.com\/en\/wp-json\/wp\/v2\/users\/1"}],"replies":[{"embeddable":true,"href":"https:\/\/www.evalcris.com\/en\/wp-json\/wp\/v2\/comments?post=403"}],"version-history":[{"count":17,"href":"https:\/\/www.evalcris.com\/en\/wp-json\/wp\/v2\/pages\/403\/revisions"}],"predecessor-version":[{"id":2817,"href":"https:\/\/www.evalcris.com\/en\/wp-json\/wp\/v2\/pages\/403\/revisions\/2817"}],"wp:attachment":[{"href":"https:\/\/www.evalcris.com\/en\/wp-json\/wp\/v2\/media?parent=403"}],"curies":[{"name":"wp","href":"https:\/\/api.w.org\/{rel}","templated":true}]}}